{"id":155746,"date":"2025-08-11T11:07:07","date_gmt":"2025-08-11T09:07:07","guid":{"rendered":"https:\/\/sitz.ch\/?post_type=product&#038;p=155746"},"modified":"2025-08-11T11:08:34","modified_gmt":"2025-08-11T09:08:34","slug":"ergopoint-ep300-schwerlasttischgestell","status":"publish","type":"product","link":"https:\/\/sitz.ch\/it\/prodotto\/ergopoint-ep300-schwerlasttischgestell\/","title":{"rendered":"ErgoPoint EP300 Schwerlasttischgestell"},"content":{"rendered":"<p>Der h\u00f6henverstellbare Schwerlasttisch ist die ideale L\u00f6sung f\u00fcr anspruchsvolle Arbeitsumgebungen wie Montage-, Werk- oder Produktionsbereiche. Mit seiner robusten Konstruktion und einer hohen Tragkraft bietet er die n\u00f6tige Stabilit\u00e4t und Belastbarkeit f\u00fcr den t\u00e4glichen Einsatz unter h\u00e4rtesten Bedingungen.<\/p>\n<p>Dank der elektrischen oder manuellen H\u00f6henverstellung l\u00e4sst sich der Tisch flexibel an verschiedene Arbeitsanforderungen anpassen \u2013 ergonomisches Arbeiten im Stehen oder Sitzen ist damit problemlos m\u00f6glich. Die gro\u00dfz\u00fcgige Arbeitsfl\u00e4che bietet ausreichend Platz f\u00fcr Werkzeuge, Bauteile oder Unterlagen und sorgt f\u00fcr effizientes, organisiertes Arbeiten.<\/p>\n<p>Trotz seiner industriellen St\u00e4rke \u00fcberzeugt der Tisch auch im B\u00fcro: Mit seinem klaren, funktionalen Design kann er ebenso gut als moderner Besprechungstisch oder als ergonomischer Einzelarbeitsplatz im B\u00fcro eingesetzt werden. Die vielseitige Einsetzbarkeit macht ihn zu einem echten Allrounder \u2013 robust, funktional und flexibel.<\/p>\n<p>&nbsp;<\/p>\n<p><strong>Eigenschaften:<br \/>\n<\/strong>&#8211; 4 Motoren, belastbar bis 300 KG<br \/>\n&#8211; breitenverstellbar von 120 &#8211; 240 cm<br \/>\n&#8211; h\u00f6henverstellbar von 65,5 &#8211; 130,5 cm<br \/>\n&#8211; Auffahrschutz<br \/>\n&#8211; 3-fach Memory inkl. digital Anzeige<\/p>\n","protected":false},"excerpt":{"rendered":"<p>Der h\u00f6henverstellbare Schwerlasttisch ist die ideale L\u00f6sung f\u00fcr anspruchsvolle Arbeitsumgebungen wie Montage-, Werk- oder Produktionsbereiche. Mit seiner robusten Konstruktion und einer hohen Tragkraft bietet er die n\u00f6tige Stabilit\u00e4t und Belastbarkeit f\u00fcr den t\u00e4glichen Einsatz unter h\u00e4rtesten Bedingungen. Dank der elektrischen oder manuellen H\u00f6henverstellung l\u00e4sst sich der Tisch flexibel an verschiedene Arbeitsanforderungen anpassen \u2013 ergonomisches Arbeiten [&hellip;]<\/p>\n","protected":false},"featured_media":155768,"comment_status":"open","ping_status":"closed","template":"","meta":{"_acf_changed":false},"pwb-brand":[94],"product_brand":[],"product_cat":[47,26],"product_tag":[],"class_list":{"0":"post-155746","1":"product","2":"type-product","3":"status-publish","4":"has-post-thumbnail","6":"pwb-brand-ergopoint","7":"product_cat-elektrisch","8":"product_cat-sitz-stehtische","9":"tm-has-options","11":"first","12":"instock","13":"sale","14":"taxable","15":"shipping-taxable","16":"purchasable","17":"product-type-variable","18":"has-default-attributes"},"acf":[],"brands":[{"id":94,"name":"ErgoPoint","slug":"ergopoint"}],"_links":{"self":[{"href":"https:\/\/sitz.ch\/it\/wp-json\/wp\/v2\/product\/155746","targetHints":{"allow":["GET"]}}],"collection":[{"href":"https:\/\/sitz.ch\/it\/wp-json\/wp\/v2\/product"}],"about":[{"href":"https:\/\/sitz.ch\/it\/wp-json\/wp\/v2\/types\/product"}],"replies":[{"embeddable":true,"href":"https:\/\/sitz.ch\/it\/wp-json\/wp\/v2\/comments?post=155746"}],"version-history":[{"count":2,"href":"https:\/\/sitz.ch\/it\/wp-json\/wp\/v2\/product\/155746\/revisions"}],"predecessor-version":[{"id":155789,"href":"https:\/\/sitz.ch\/it\/wp-json\/wp\/v2\/product\/155746\/revisions\/155789"}],"wp:featuredmedia":[{"embeddable":true,"href":"https:\/\/sitz.ch\/it\/wp-json\/wp\/v2\/media\/155768"}],"wp:attachment":[{"href":"https:\/\/sitz.ch\/it\/wp-json\/wp\/v2\/media?parent=155746"}],"wp:term":[{"taxonomy":"pwb-brand","embeddable":true,"href":"https:\/\/sitz.ch\/it\/wp-json\/wp\/v2\/pwb-brand?post=155746"},{"taxonomy":"product_brand","embeddable":true,"href":"https:\/\/sitz.ch\/it\/wp-json\/wp\/v2\/product_brand?post=155746"},{"taxonomy":"product_cat","embeddable":true,"href":"https:\/\/sitz.ch\/it\/wp-json\/wp\/v2\/product_cat?post=155746"},{"taxonomy":"product_tag","embeddable":true,"href":"https:\/\/sitz.ch\/it\/wp-json\/wp\/v2\/product_tag?post=155746"}],"curies":[{"name":"wp","href":"https:\/\/api.w.org\/{rel}","templated":true}]}}