{"id":157124,"date":"2025-11-26T07:46:14","date_gmt":"2025-11-26T06:46:14","guid":{"rendered":"https:\/\/sitz.ch\/?post_type=product&#038;p=157124"},"modified":"2026-04-01T14:59:26","modified_gmt":"2026-04-01T12:59:26","slug":"ergopoint-fengshui-schreibtisch","status":"publish","type":"product","link":"https:\/\/sitz.ch\/it\/prodotto\/ergopoint-fengshui-schreibtisch\/","title":{"rendered":"ErgoPoint FengShui Schreibtisch"},"content":{"rendered":"\t\t<div data-elementor-type=\"product-post\" data-elementor-id=\"157124\" class=\"elementor elementor-157124\" data-elementor-post-type=\"product\">\n\t\t\t\t<section class=\"elementor-element elementor-element-5860dc4 ergo-f-list e-flex e-con-boxed e-con e-parent\" data-id=\"5860dc4\" data-element_type=\"container\" data-e-type=\"container\">\n\t\t\t\t\t<div class=\"e-con-inner\">\n\t\t<div class=\"elementor-element elementor-element-08a1dec e-con-full e-flex e-con e-child\" data-id=\"08a1dec\" data-element_type=\"container\" data-e-type=\"container\">\n\t\t\t\t<div class=\"elementor-element elementor-element-91d5378 elementor-widget elementor-widget-heading\" data-id=\"91d5378\" data-element_type=\"widget\" data-e-type=\"widget\" data-widget_type=\"heading.default\">\n\t\t\t\t<div class=\"elementor-widget-container\">\n\t\t\t\t\t<h3 class=\"elementor-heading-title elementor-size-default\">Feinf\u00fchliges Antikollisionssystem<\/h3>\t\t\t\t<\/div>\n\t\t\t\t<\/div>\n\t\t\t\t<div class=\"elementor-element elementor-element-23d23b7 elementor-widget elementor-widget-text-editor\" data-id=\"23d23b7\" data-element_type=\"widget\" data-e-type=\"widget\" data-widget_type=\"text-editor.default\">\n\t\t\t\t<div class=\"elementor-widget-container\">\n\t\t\t\t\t\t\t\t\t<p>Der FengShui Schreibtisch verf\u00fcgt \u00fcber eine erweiterte Kollisionsschutz: Registriert das System einen Widerstand in Gegenrichtung der Bewegung, stoppt das Gestell und f\u00e4hrt automatisch ein St\u00fcck zur\u00fcck.<\/p><p>So werden Besch\u00e4digungen an Tisch, Kabeln oder Gegenst\u00e4nden unter dem Schreibtisch effektiv reduziert. Gerade in belebten B\u00fcros, bei niedrigen Sideboards oder beweglichen Containerl\u00f6sungen ist dieser Sicherheitsmechanismus ein wichtiger Vorteil professioneller Steh-Sitz-Arbeitspl\u00e4tze.<\/p>\t\t\t\t\t\t\t\t<\/div>\n\t\t\t\t<\/div>\n\t\t\t\t<\/div>\n\t\t<div class=\"elementor-element elementor-element-9d652e5 e-con-full e-flex e-con e-child\" data-id=\"9d652e5\" data-element_type=\"container\" data-e-type=\"container\">\n\t\t\t\t<div class=\"elementor-element elementor-element-1bfd5f4 elementor-widget elementor-widget-image\" data-id=\"1bfd5f4\" data-element_type=\"widget\" data-e-type=\"widget\" data-widget_type=\"image.default\">\n\t\t\t\t<div class=\"elementor-widget-container\">\n\t\t\t\t\t\t\t\t\t\t\t\t\t\t\t<img decoding=\"async\" width=\"1280\" height=\"720\" src=\"https:\/\/sitz.ch\/wp-content\/uploads\/ergopoint-ovalo-tischgestell-weiss-antikollisionssystem-kollisionsschutz-hoehenverstellbarer-schreibtisch-loctek-et270.webp\" class=\"attachment-full size-full wp-image-157191\" alt=\"\" srcset=\"https:\/\/sitz.ch\/wp-content\/uploads\/ergopoint-ovalo-tischgestell-weiss-antikollisionssystem-kollisionsschutz-hoehenverstellbarer-schreibtisch-loctek-et270.webp 1280w, https:\/\/sitz.ch\/wp-content\/uploads\/ergopoint-ovalo-tischgestell-weiss-antikollisionssystem-kollisionsschutz-hoehenverstellbarer-schreibtisch-loctek-et270-600x338.webp 600w, https:\/\/sitz.ch\/wp-content\/uploads\/ergopoint-ovalo-tischgestell-weiss-antikollisionssystem-kollisionsschutz-hoehenverstellbarer-schreibtisch-loctek-et270-1024x576.webp 1024w, https:\/\/sitz.ch\/wp-content\/uploads\/ergopoint-ovalo-tischgestell-weiss-antikollisionssystem-kollisionsschutz-hoehenverstellbarer-schreibtisch-loctek-et270-768x432.webp 768w, https:\/\/sitz.ch\/wp-content\/uploads\/ergopoint-ovalo-tischgestell-weiss-antikollisionssystem-kollisionsschutz-hoehenverstellbarer-schreibtisch-loctek-et270-64x36.webp 64w\" sizes=\"(max-width: 1280px) 100vw, 1280px\" title=\"\">\t\t\t\t\t\t\t\t\t\t\t\t\t\t\t<\/div>\n\t\t\t\t<\/div>\n\t\t\t\t<\/div>\n\t\t\t\t\t<\/div>\n\t\t\t\t<\/section>\n\t\t<section class=\"elementor-element elementor-element-f7f554d ergo-f-list e-flex e-con-boxed e-con e-parent\" data-id=\"f7f554d\" data-element_type=\"container\" data-e-type=\"container\">\n\t\t\t\t\t<div class=\"e-con-inner\">\n\t\t<div class=\"elementor-element elementor-element-85b45c1 e-con-full e-flex e-con e-child\" data-id=\"85b45c1\" data-element_type=\"container\" data-e-type=\"container\">\n\t\t\t\t<div class=\"elementor-element elementor-element-24fc5ca elementor-widget elementor-widget-heading\" data-id=\"24fc5ca\" data-element_type=\"widget\" data-e-type=\"widget\" data-widget_type=\"heading.default\">\n\t\t\t\t<div class=\"elementor-widget-container\">\n\t\t\t\t\t<h3 class=\"elementor-heading-title elementor-size-default\">Yacht-inspiriertes Design<\/h3>\t\t\t\t<\/div>\n\t\t\t\t<\/div>\n\t\t\t\t<div class=\"elementor-element elementor-element-76a2d9a elementor-widget elementor-widget-text-editor\" data-id=\"76a2d9a\" data-element_type=\"widget\" data-e-type=\"widget\" data-widget_type=\"text-editor.default\">\n\t\t\t\t<div class=\"elementor-widget-container\">\n\t\t\t\t\t\t\t\t\t<p><span style=\"background-color: transparent;\">Das Design steht f\u00fcr fliessende Linien, hochgl\u00e4nzende Oberfl\u00e4chen, edle Holz- und Metallakzente sowie eine Farbwelt aus Wei\u00df, Grau und warmen Braunt\u00f6nen, angelehnt an Luxus-Yachten und maritime Interieurs.<\/span><\/p><p>Die lochlosen Stahl-S\u00e4ulen verleihen dem FengShui Schreibtisch eine klare, moderne Optik. Die geschlossene Oberfl\u00e4che erleichtert die Reinigung, was zu einem gepflegten, professionellen Gesamtbild beitr\u00e4gt.<\/p>\t\t\t\t\t\t\t\t<\/div>\n\t\t\t\t<\/div>\n\t\t\t\t<\/div>\n\t\t<div class=\"elementor-element elementor-element-b4cd1fc e-con-full e-flex e-con e-child\" data-id=\"b4cd1fc\" data-element_type=\"container\" data-e-type=\"container\">\n\t\t\t\t<div class=\"elementor-element elementor-element-a1cc20c elementor-widget elementor-widget-image\" data-id=\"a1cc20c\" data-element_type=\"widget\" data-e-type=\"widget\" data-widget_type=\"image.default\">\n\t\t\t\t<div class=\"elementor-widget-container\">\n\t\t\t\t\t\t\t\t\t\t\t\t\t\t\t<img decoding=\"async\" width=\"1280\" height=\"720\" src=\"https:\/\/sitz.ch\/wp-content\/uploads\/ergopoint-ovalo-tischgestell-weiss-modernes-yacht-design-hoehenverstellbarer-schreibtisch-loctek-et270.webp\" class=\"attachment-full size-full wp-image-157207\" alt=\"\" srcset=\"https:\/\/sitz.ch\/wp-content\/uploads\/ergopoint-ovalo-tischgestell-weiss-modernes-yacht-design-hoehenverstellbarer-schreibtisch-loctek-et270.webp 1280w, https:\/\/sitz.ch\/wp-content\/uploads\/ergopoint-ovalo-tischgestell-weiss-modernes-yacht-design-hoehenverstellbarer-schreibtisch-loctek-et270-600x338.webp 600w, https:\/\/sitz.ch\/wp-content\/uploads\/ergopoint-ovalo-tischgestell-weiss-modernes-yacht-design-hoehenverstellbarer-schreibtisch-loctek-et270-1024x576.webp 1024w, https:\/\/sitz.ch\/wp-content\/uploads\/ergopoint-ovalo-tischgestell-weiss-modernes-yacht-design-hoehenverstellbarer-schreibtisch-loctek-et270-768x432.webp 768w, https:\/\/sitz.ch\/wp-content\/uploads\/ergopoint-ovalo-tischgestell-weiss-modernes-yacht-design-hoehenverstellbarer-schreibtisch-loctek-et270-64x36.webp 64w\" sizes=\"(max-width: 1280px) 100vw, 1280px\" title=\"\">\t\t\t\t\t\t\t\t\t\t\t\t\t\t\t<\/div>\n\t\t\t\t<\/div>\n\t\t\t\t<\/div>\n\t\t\t\t\t<\/div>\n\t\t\t\t<\/section>\n\t\t<section class=\"elementor-element elementor-element-c628e25 ergo-f-list e-flex e-con-boxed e-con e-parent\" data-id=\"c628e25\" data-element_type=\"container\" data-e-type=\"container\">\n\t\t\t\t\t<div class=\"e-con-inner\">\n\t\t<div class=\"elementor-element elementor-element-6886907 e-con-full e-flex e-con e-child\" data-id=\"6886907\" data-element_type=\"container\" data-e-type=\"container\">\n\t\t\t\t<div class=\"elementor-element elementor-element-fa595ca elementor-widget elementor-widget-heading\" data-id=\"fa595ca\" data-element_type=\"widget\" data-e-type=\"widget\" data-widget_type=\"heading.default\">\n\t\t\t\t<div class=\"elementor-widget-container\">\n\t\t\t\t\t<h3 class=\"elementor-heading-title elementor-size-default\">Magnetischer Kabel-Organizer<\/h3>\t\t\t\t<\/div>\n\t\t\t\t<\/div>\n\t\t\t\t<div class=\"elementor-element elementor-element-d938d49 elementor-widget elementor-widget-text-editor\" data-id=\"d938d49\" data-element_type=\"widget\" data-e-type=\"widget\" data-widget_type=\"text-editor.default\">\n\t\t\t\t<div class=\"elementor-widget-container\">\n\t\t\t\t\t\t\t\t\t<p>In Kombination mit Kabelwannen und magnetischen Kabelsichtschutz l\u00e4sst sich das FengShui Tischgestell zu einem \u00e4usserst ordentlichen Arbeitsplatz ausbauen.<\/p><p>Stromleisten und Datenkabel verschwinden unter der Tischplatte, der Steh-Sitz-Schreibtisch bleibt selbst in der h\u00f6chsten Position optisch clean. Dies wirkt professionell und steigert die Nutzungsqualit\u00e4t, da sich Arbeitsfl\u00e4che und Bewegungsraum nicht mit Kabelsalat \u00fcberschneiden.<\/p>\t\t\t\t\t\t\t\t<\/div>\n\t\t\t\t<\/div>\n\t\t\t\t<\/div>\n\t\t<div class=\"elementor-element elementor-element-cdadc5d e-con-full e-flex e-con e-child\" data-id=\"cdadc5d\" data-element_type=\"container\" data-e-type=\"container\">\n\t\t\t\t<div class=\"elementor-element elementor-element-1896a21 elementor-widget elementor-widget-image\" data-id=\"1896a21\" data-element_type=\"widget\" data-e-type=\"widget\" data-widget_type=\"image.default\">\n\t\t\t\t<div class=\"elementor-widget-container\">\n\t\t\t\t\t\t\t\t\t\t\t\t\t\t\t<img decoding=\"async\" width=\"1280\" height=\"720\" src=\"https:\/\/sitz.ch\/wp-content\/uploads\/ergopoint-ovalo-tischgestell-weiss-magnetischer-kabelkanal-hoehenverstellbarer-schreibtisch-loctek-et270.webp\" class=\"attachment-full size-full wp-image-157199\" alt=\"\" srcset=\"https:\/\/sitz.ch\/wp-content\/uploads\/ergopoint-ovalo-tischgestell-weiss-magnetischer-kabelkanal-hoehenverstellbarer-schreibtisch-loctek-et270.webp 1280w, https:\/\/sitz.ch\/wp-content\/uploads\/ergopoint-ovalo-tischgestell-weiss-magnetischer-kabelkanal-hoehenverstellbarer-schreibtisch-loctek-et270-600x338.webp 600w, https:\/\/sitz.ch\/wp-content\/uploads\/ergopoint-ovalo-tischgestell-weiss-magnetischer-kabelkanal-hoehenverstellbarer-schreibtisch-loctek-et270-1024x576.webp 1024w, https:\/\/sitz.ch\/wp-content\/uploads\/ergopoint-ovalo-tischgestell-weiss-magnetischer-kabelkanal-hoehenverstellbarer-schreibtisch-loctek-et270-768x432.webp 768w, https:\/\/sitz.ch\/wp-content\/uploads\/ergopoint-ovalo-tischgestell-weiss-magnetischer-kabelkanal-hoehenverstellbarer-schreibtisch-loctek-et270-64x36.webp 64w\" sizes=\"(max-width: 1280px) 100vw, 1280px\" title=\"\">\t\t\t\t\t\t\t\t\t\t\t\t\t\t\t<\/div>\n\t\t\t\t<\/div>\n\t\t\t\t<\/div>\n\t\t\t\t\t<\/div>\n\t\t\t\t<\/section>\n\t\t<section class=\"elementor-element elementor-element-4836afc ergo-f-list e-flex e-con-boxed e-con e-parent\" data-id=\"4836afc\" data-element_type=\"container\" data-e-type=\"container\">\n\t\t\t\t\t<div class=\"e-con-inner\">\n\t\t<div class=\"elementor-element elementor-element-eec491d e-con-full e-flex e-con e-child\" data-id=\"eec491d\" data-element_type=\"container\" data-e-type=\"container\">\n\t\t\t\t<div class=\"elementor-element elementor-element-34e40f2 elementor-widget elementor-widget-heading\" data-id=\"34e40f2\" data-element_type=\"widget\" data-e-type=\"widget\" data-widget_type=\"heading.default\">\n\t\t\t\t<div class=\"elementor-widget-container\">\n\t\t\t\t\t<h3 class=\"elementor-heading-title elementor-size-default\">Leiser Dual-Motor-Betrieb mit &lt;45 dB<\/h3>\t\t\t\t<\/div>\n\t\t\t\t<\/div>\n\t\t\t\t<div class=\"elementor-element elementor-element-613cd97 elementor-widget elementor-widget-text-editor\" data-id=\"613cd97\" data-element_type=\"widget\" data-e-type=\"widget\" data-widget_type=\"text-editor.default\">\n\t\t\t\t<div class=\"elementor-widget-container\">\n\t\t\t\t\t\t\t\t\t<p>Der ErgoPoint FengShui Schreibtisch setzt auf ein kraftvolles Dual-Motor-System: Zwei synchron laufende Motoren heben und senken das Gestell gleichm\u00e4ssig und stabil selbst bei hoher Belastung. Mit 38 mm\/s erfolgen Positionswechsel schnell und ohne den Arbeitsfluss zu st\u00f6ren.<\/p><p>Im Vergleich zu einmotorigen Systemen bietet die 2-Motor-Technik mehr Reserven f\u00fcr schwere Setups und sorgt f\u00fcr einen ruhigen, kontrollierten Lauf.<\/p><p>H\u00f6henverstellungen bleiben dabei mit unter 45 dB nahezu ger\u00e4uschlos, leiser als viele typische B\u00fcroger\u00e4usche.<\/p>\t\t\t\t\t\t\t\t<\/div>\n\t\t\t\t<\/div>\n\t\t\t\t<\/div>\n\t\t<div class=\"elementor-element elementor-element-258146e e-con-full e-flex e-con e-child\" data-id=\"258146e\" data-element_type=\"container\" data-e-type=\"container\">\n\t\t\t\t<div class=\"elementor-element elementor-element-8788358 elementor-widget elementor-widget-image\" data-id=\"8788358\" data-element_type=\"widget\" data-e-type=\"widget\" data-widget_type=\"image.default\">\n\t\t\t\t<div class=\"elementor-widget-container\">\n\t\t\t\t\t\t\t\t\t\t\t\t\t\t\t<img decoding=\"async\" width=\"1280\" height=\"720\" src=\"https:\/\/sitz.ch\/wp-content\/uploads\/ergopoint-ovalo-tischgestell-weiss-dual-motoren-power-hoehenverstellbarer-schreibtisch-loctek-et270.webp\" class=\"attachment-full size-full wp-image-157243\" alt=\"\" srcset=\"https:\/\/sitz.ch\/wp-content\/uploads\/ergopoint-ovalo-tischgestell-weiss-dual-motoren-power-hoehenverstellbarer-schreibtisch-loctek-et270.webp 1280w, https:\/\/sitz.ch\/wp-content\/uploads\/ergopoint-ovalo-tischgestell-weiss-dual-motoren-power-hoehenverstellbarer-schreibtisch-loctek-et270-600x338.webp 600w, https:\/\/sitz.ch\/wp-content\/uploads\/ergopoint-ovalo-tischgestell-weiss-dual-motoren-power-hoehenverstellbarer-schreibtisch-loctek-et270-1024x576.webp 1024w, https:\/\/sitz.ch\/wp-content\/uploads\/ergopoint-ovalo-tischgestell-weiss-dual-motoren-power-hoehenverstellbarer-schreibtisch-loctek-et270-768x432.webp 768w, https:\/\/sitz.ch\/wp-content\/uploads\/ergopoint-ovalo-tischgestell-weiss-dual-motoren-power-hoehenverstellbarer-schreibtisch-loctek-et270-64x36.webp 64w\" sizes=\"(max-width: 1280px) 100vw, 1280px\" title=\"\">\t\t\t\t\t\t\t\t\t\t\t\t\t\t\t<\/div>\n\t\t\t\t<\/div>\n\t\t\t\t<\/div>\n\t\t\t\t\t<\/div>\n\t\t\t\t<\/section>\n\t\t<section class=\"elementor-element elementor-element-c8feb4e ergo-f-list e-flex e-con-boxed e-con e-parent\" data-id=\"c8feb4e\" data-element_type=\"container\" data-e-type=\"container\">\n\t\t\t\t\t<div class=\"e-con-inner\">\n\t\t<div class=\"elementor-element elementor-element-bc477c6 e-con-full e-flex e-con e-child\" data-id=\"bc477c6\" data-element_type=\"container\" data-e-type=\"container\">\n\t\t\t\t<div class=\"elementor-element elementor-element-bd64e39 elementor-widget elementor-widget-heading\" data-id=\"bd64e39\" data-element_type=\"widget\" data-e-type=\"widget\" data-widget_type=\"heading.default\">\n\t\t\t\t<div class=\"elementor-widget-container\">\n\t\t\t\t\t<h3 class=\"elementor-heading-title elementor-size-default\">125 kg Tragkraft<\/h3>\t\t\t\t<\/div>\n\t\t\t\t<\/div>\n\t\t\t\t<div class=\"elementor-element elementor-element-18b3b63 elementor-widget elementor-widget-text-editor\" data-id=\"18b3b63\" data-element_type=\"widget\" data-e-type=\"widget\" data-widget_type=\"text-editor.default\">\n\t\t\t\t<div class=\"elementor-widget-container\">\n\t\t\t\t\t\t\t\t\t<p>Mit einer maximalen Belastbarkeit von 125 kg (275 lbs) ist das h\u00f6henverstellbare Tischgestell f\u00fcr moderne High-End-Workstations ausgelegt.\u00a0<\/p><p>Ob mehrere grosse Monitore, schwere Audio-Hardware, Desktop-PC oder umfangreiche Dokumentenablagen, das Gestell bleibt selbst unter Volllast zuverl\u00e4ssig.<\/p><p>Die hohe Tragkraft ist besonders interessant f\u00fcr Kreativstudios, Trading-Desks oder technische B\u00fcros, in denen robuste und dauerhaft belastbare Steh-Sitz-Arbeitspl\u00e4tze gefragt sind.<\/p>\t\t\t\t\t\t\t\t<\/div>\n\t\t\t\t<\/div>\n\t\t\t\t<\/div>\n\t\t<div class=\"elementor-element elementor-element-cee71ad e-con-full e-flex e-con e-child\" data-id=\"cee71ad\" data-element_type=\"container\" data-e-type=\"container\">\n\t\t\t\t<div class=\"elementor-element elementor-element-65c02f6 elementor-widget elementor-widget-image\" data-id=\"65c02f6\" data-element_type=\"widget\" data-e-type=\"widget\" data-widget_type=\"image.default\">\n\t\t\t\t<div class=\"elementor-widget-container\">\n\t\t\t\t\t\t\t\t\t\t\t\t\t\t\t<img decoding=\"async\" width=\"1280\" height=\"720\" src=\"https:\/\/sitz.ch\/wp-content\/uploads\/ergopoint-ovalo-tischgestell-weiss-drei-stufige-teleskopsaeulen-hoehenverstellbarer-schreibtisch-loctek-et270.webp\" class=\"attachment-full size-full wp-image-157215\" alt=\"\" srcset=\"https:\/\/sitz.ch\/wp-content\/uploads\/ergopoint-ovalo-tischgestell-weiss-drei-stufige-teleskopsaeulen-hoehenverstellbarer-schreibtisch-loctek-et270.webp 1280w, https:\/\/sitz.ch\/wp-content\/uploads\/ergopoint-ovalo-tischgestell-weiss-drei-stufige-teleskopsaeulen-hoehenverstellbarer-schreibtisch-loctek-et270-600x338.webp 600w, https:\/\/sitz.ch\/wp-content\/uploads\/ergopoint-ovalo-tischgestell-weiss-drei-stufige-teleskopsaeulen-hoehenverstellbarer-schreibtisch-loctek-et270-1024x576.webp 1024w, https:\/\/sitz.ch\/wp-content\/uploads\/ergopoint-ovalo-tischgestell-weiss-drei-stufige-teleskopsaeulen-hoehenverstellbarer-schreibtisch-loctek-et270-768x432.webp 768w, https:\/\/sitz.ch\/wp-content\/uploads\/ergopoint-ovalo-tischgestell-weiss-drei-stufige-teleskopsaeulen-hoehenverstellbarer-schreibtisch-loctek-et270-64x36.webp 64w\" sizes=\"(max-width: 1280px) 100vw, 1280px\" title=\"\">\t\t\t\t\t\t\t\t\t\t\t\t\t\t\t<\/div>\n\t\t\t\t<\/div>\n\t\t\t\t<\/div>\n\t\t\t\t\t<\/div>\n\t\t\t\t<\/section>\n\t\t<section class=\"elementor-element elementor-element-162706e ergo-f-list e-flex e-con-boxed e-con e-parent\" data-id=\"162706e\" data-element_type=\"container\" data-e-type=\"container\">\n\t\t\t\t\t<div class=\"e-con-inner\">\n\t\t<div class=\"elementor-element elementor-element-688f444 e-con-full e-flex e-con e-child\" data-id=\"688f444\" data-element_type=\"container\" data-e-type=\"container\">\n\t\t\t\t<div class=\"elementor-element elementor-element-8a2401e elementor-widget elementor-widget-heading\" data-id=\"8a2401e\" data-element_type=\"widget\" data-e-type=\"widget\" data-widget_type=\"heading.default\">\n\t\t\t\t<div class=\"elementor-widget-container\">\n\t\t\t\t\t<h3 class=\"elementor-heading-title elementor-size-default\">Drei-stufige Teleskops\u00e4ulen<\/h3>\t\t\t\t<\/div>\n\t\t\t\t<\/div>\n\t\t\t\t<div class=\"elementor-element elementor-element-075f2fc elementor-widget elementor-widget-text-editor\" data-id=\"075f2fc\" data-element_type=\"widget\" data-e-type=\"widget\" data-widget_type=\"text-editor.default\">\n\t\t\t\t<div class=\"elementor-widget-container\">\n\t\t\t\t\t\t\t\t\t<p>Die 2mm starken, dreistufigen S\u00e4ulen sorgen \u00fcber den gesamten Verstellbereich f\u00fcr hohe Steifigkeit. So bleibt das Gestell selbst in maximaler Stehh\u00f6he beeindruckend ruhig und Vibrationen beim Tippen oder Schreiben werden deutlich reduziert.<\/p><p><span style=\"background-color: transparent;\">Gerade bei grossen Tischplatten und Multi-Monitor-Setups ist eine torsionssteife Konstruktion entscheidend f\u00fcr ein professionelles Arbeitsgef\u00fchl. Die 3-Stage-Technik nutzt die Hubl\u00e4nge optimal aus und verbindet einen grossen Verstellbereich mit hoher Stabilit\u00e4t.<\/span><\/p>\t\t\t\t\t\t\t\t<\/div>\n\t\t\t\t<\/div>\n\t\t\t\t<\/div>\n\t\t<div class=\"elementor-element elementor-element-63b70dd e-con-full e-flex e-con e-child\" data-id=\"63b70dd\" data-element_type=\"container\" data-e-type=\"container\">\n\t\t\t\t<div class=\"elementor-element elementor-element-f838913 elementor-widget elementor-widget-image\" data-id=\"f838913\" data-element_type=\"widget\" data-e-type=\"widget\" data-widget_type=\"image.default\">\n\t\t\t\t<div class=\"elementor-widget-container\">\n\t\t\t\t\t\t\t\t\t\t\t\t\t\t\t<img decoding=\"async\" width=\"1280\" height=\"720\" src=\"https:\/\/sitz.ch\/wp-content\/uploads\/ergopoint-ovalo-tischgestell-weiss-drei-stufige-teleskopsaeulen-hoehenverstellbarer-schreibtisch-loctek-et270.webp\" class=\"attachment-full size-full wp-image-157215\" alt=\"\" srcset=\"https:\/\/sitz.ch\/wp-content\/uploads\/ergopoint-ovalo-tischgestell-weiss-drei-stufige-teleskopsaeulen-hoehenverstellbarer-schreibtisch-loctek-et270.webp 1280w, https:\/\/sitz.ch\/wp-content\/uploads\/ergopoint-ovalo-tischgestell-weiss-drei-stufige-teleskopsaeulen-hoehenverstellbarer-schreibtisch-loctek-et270-600x338.webp 600w, https:\/\/sitz.ch\/wp-content\/uploads\/ergopoint-ovalo-tischgestell-weiss-drei-stufige-teleskopsaeulen-hoehenverstellbarer-schreibtisch-loctek-et270-1024x576.webp 1024w, https:\/\/sitz.ch\/wp-content\/uploads\/ergopoint-ovalo-tischgestell-weiss-drei-stufige-teleskopsaeulen-hoehenverstellbarer-schreibtisch-loctek-et270-768x432.webp 768w, https:\/\/sitz.ch\/wp-content\/uploads\/ergopoint-ovalo-tischgestell-weiss-drei-stufige-teleskopsaeulen-hoehenverstellbarer-schreibtisch-loctek-et270-64x36.webp 64w\" sizes=\"(max-width: 1280px) 100vw, 1280px\" title=\"\">\t\t\t\t\t\t\t\t\t\t\t\t\t\t\t<\/div>\n\t\t\t\t<\/div>\n\t\t\t\t<\/div>\n\t\t\t\t\t<\/div>\n\t\t\t\t<\/section>\n\t\t<section class=\"elementor-element elementor-element-b0eb5f2 e-flex e-con-boxed e-con e-parent\" data-id=\"b0eb5f2\" data-element_type=\"container\" data-e-type=\"container\" data-settings=\"{&quot;background_background&quot;:&quot;classic&quot;}\">\n\t\t\t\t\t<div class=\"e-con-inner\">\n\t\t\t\t\t<\/div>\n\t\t\t\t<\/section>\n\t\t\t\t<\/div>\n\t\t","protected":false},"excerpt":{"rendered":"<p>Feinf\u00fchliges Antikollisionssystem Der FengShui Schreibtisch verf\u00fcgt \u00fcber eine erweiterte Kollisionsschutz: Registriert das System einen Widerstand in Gegenrichtung der Bewegung, stoppt das Gestell und f\u00e4hrt automatisch ein St\u00fcck zur\u00fcck. So werden Besch\u00e4digungen an Tisch, Kabeln oder Gegenst\u00e4nden unter dem Schreibtisch effektiv reduziert. Gerade in belebten B\u00fcros, bei niedrigen Sideboards oder beweglichen Containerl\u00f6sungen ist dieser Sicherheitsmechanismus ein [&hellip;]<\/p>\n","protected":false},"featured_media":157160,"comment_status":"open","ping_status":"closed","template":"","meta":{"_acf_changed":false},"pwb-brand":[94],"product_brand":[],"product_cat":[26,47],"product_tag":[],"class_list":{"0":"post-157124","1":"product","2":"type-product","3":"status-publish","4":"has-post-thumbnail","6":"pwb-brand-ergopoint","7":"product_cat-sitz-stehtische","8":"product_cat-elektrisch","9":"tm-has-options","11":"first","12":"outofstock","13":"sale","14":"featured","15":"taxable","16":"shipping-taxable","17":"purchasable","18":"product-type-variable","19":"has-default-attributes"},"acf":[],"brands":[{"id":94,"name":"ErgoPoint","slug":"ergopoint"}],"_links":{"self":[{"href":"https:\/\/sitz.ch\/it\/wp-json\/wp\/v2\/product\/157124","targetHints":{"allow":["GET"]}}],"collection":[{"href":"https:\/\/sitz.ch\/it\/wp-json\/wp\/v2\/product"}],"about":[{"href":"https:\/\/sitz.ch\/it\/wp-json\/wp\/v2\/types\/product"}],"replies":[{"embeddable":true,"href":"https:\/\/sitz.ch\/it\/wp-json\/wp\/v2\/comments?post=157124"}],"version-history":[{"count":10,"href":"https:\/\/sitz.ch\/it\/wp-json\/wp\/v2\/product\/157124\/revisions"}],"predecessor-version":[{"id":157370,"href":"https:\/\/sitz.ch\/it\/wp-json\/wp\/v2\/product\/157124\/revisions\/157370"}],"wp:featuredmedia":[{"embeddable":true,"href":"https:\/\/sitz.ch\/it\/wp-json\/wp\/v2\/media\/157160"}],"wp:attachment":[{"href":"https:\/\/sitz.ch\/it\/wp-json\/wp\/v2\/media?parent=157124"}],"wp:term":[{"taxonomy":"pwb-brand","embeddable":true,"href":"https:\/\/sitz.ch\/it\/wp-json\/wp\/v2\/pwb-brand?post=157124"},{"taxonomy":"product_brand","embeddable":true,"href":"https:\/\/sitz.ch\/it\/wp-json\/wp\/v2\/product_brand?post=157124"},{"taxonomy":"product_cat","embeddable":true,"href":"https:\/\/sitz.ch\/it\/wp-json\/wp\/v2\/product_cat?post=157124"},{"taxonomy":"product_tag","embeddable":true,"href":"https:\/\/sitz.ch\/it\/wp-json\/wp\/v2\/product_tag?post=157124"}],"curies":[{"name":"wp","href":"https:\/\/api.w.org\/{rel}","templated":true}]}}